{"id":49,"date":"2025-07-15T17:08:03","date_gmt":"2025-07-15T15:08:03","guid":{"rendered":"https:\/\/www.mizerny.cz\/?page_id=49"},"modified":"2025-09-17T10:58:42","modified_gmt":"2025-09-17T08:58:42","slug":"o-mizernem-autorovi","status":"publish","type":"page","link":"https:\/\/www.mizerny.cz\/?page_id=49","title":{"rendered":"O Mizern\u00e9m Autorovi"},"content":{"rendered":"\n<p>Ob\u010dansk\u00e9 jm\u00e9no Michal Witz,<\/p>\n\n\n\n<p>jinak celkem pohod\u00e1\u0159, kter\u00e9ho nen\u00ed snadn\u00e9 roz\u010d\u00edlit.<\/p>\n\n\n\n<p>Nez\u00e1vid\u00edm, nepomlouv\u00e1m, no a jsem t\u00fdmov\u00fd hr\u00e1\u010d, co\u017e m\u011b asi nakonec i dovedlo do celkem dob\u0159e placen\u00e9 pozice v oblasti stavebnictv\u00ed. Tedy v \u017e\u00e1dn\u00e9m p\u0159\u00edpad\u011b neuva\u017euji, \u017ee bych se n\u011bkdy \u017eivil psan\u00edm. P\u00ed\u0161u, proto\u017ee m\u011b psan\u00ed bav\u00ed.<\/p>\n\n\n\n<p>To pro za\u010d\u00e1tek. Postupn\u011b t\u0159eba na sebe prozrad\u00edm v\u00edc&#8230;<\/p>\n\n\n\n<p><\/p>\n","protected":false},"excerpt":{"rendered":"<p>Ob\u010dansk\u00e9 jm\u00e9no Michal Witz, jinak celkem pohod\u00e1\u0159, kter\u00e9ho nen\u00ed snadn\u00e9 roz\u010d\u00edlit. Nez\u00e1vid\u00edm, nepomlouv\u00e1m, no a jsem t\u00fdmov\u00fd hr\u00e1\u010d, co\u017e m\u011b asi nakonec i dovedlo do celkem dob\u0159e placen\u00e9 pozice v oblasti stavebnictv\u00ed. Tedy v \u017e\u00e1dn\u00e9m p\u0159\u00edpad\u011b neuva\u017euji, \u017ee bych se n\u011bkdy \u017eivil psan\u00edm. P\u00ed\u0161u, proto\u017ee m\u011b psan\u00ed bav\u00ed. To pro za\u010d\u00e1tek. Postupn\u011b t\u0159eba na sebe&#8230;<\/p>\n","protected":false},"author":1,"featured_media":0,"parent":0,"menu_order":0,"comment_status":"closed","ping_status":"closed","template":"","meta":{"_acf_changed":false,"_monsterinsights_skip_tracking":false,"_monsterinsights_sitenote_active":false,"_monsterinsights_sitenote_note":"","_monsterinsights_sitenote_category":0,"footnotes":""},"class_list":["post-49","page","type-page","status-publish","hentry"],"acf":[],"_links":{"self":[{"href":"https:\/\/www.mizerny.cz\/index.php?rest_route=\/wp\/v2\/pages\/49","targetHints":{"allow":["GET"]}}],"collection":[{"href":"https:\/\/www.mizerny.cz\/index.php?rest_route=\/wp\/v2\/pages"}],"about":[{"href":"https:\/\/www.mizerny.cz\/index.php?rest_route=\/wp\/v2\/types\/page"}],"author":[{"embeddable":true,"href":"https:\/\/www.mizerny.cz\/index.php?rest_route=\/wp\/v2\/users\/1"}],"replies":[{"embeddable":true,"href":"https:\/\/www.mizerny.cz\/index.php?rest_route=%2Fwp%2Fv2%2Fcomments&post=49"}],"version-history":[{"count":2,"href":"https:\/\/www.mizerny.cz\/index.php?rest_route=\/wp\/v2\/pages\/49\/revisions"}],"predecessor-version":[{"id":185,"href":"https:\/\/www.mizerny.cz\/index.php?rest_route=\/wp\/v2\/pages\/49\/revisions\/185"}],"wp:attachment":[{"href":"https:\/\/www.mizerny.cz\/index.php?rest_route=%2Fwp%2Fv2%2Fmedia&parent=49"}],"curies":[{"name":"wp","href":"https:\/\/api.w.org\/{rel}","templated":true}]}}