{"id":40,"date":"2025-07-15T16:20:40","date_gmt":"2025-07-15T14:20:40","guid":{"rendered":"https:\/\/www.mizerny.cz\/?page_id=40"},"modified":"2025-07-15T16:38:01","modified_gmt":"2025-07-15T14:38:01","slug":"top-10-mizerneho-autora","status":"publish","type":"page","link":"https:\/\/www.mizerny.cz\/?page_id=40","title":{"rendered":"\u00dasp\u011bchy Mizern\u00e9ho Autora"},"content":{"rendered":"\n<h3 class=\"wp-block-heading\">1) <strong>V\u00edt\u011bzstv\u00ed v liter\u00e1rn\u00ed sout\u011b\u017ei Rokle \u0161er\u00e9 smrti (2024<\/strong>)<\/h3>\n\n\n\n<p>Sout\u011b\u017e je zam\u011b\u0159en\u00e1 na horor, prob\u00edh\u00e1 u\u017e n\u011bkolik\u00e1t\u00fdm rokem a po\u0159\u00e1d\u00e1 ji spolek Prague by Night ve spolupr\u00e1ci s M\u011bstskou knihovnou v Praze. Tento 20. ro\u010dn\u00edk pak byl specifick\u00fd zad\u00e1n\u00edm, kter\u00e9 zn\u011blo: \u201eokovy\u201c. J\u00e1 jsem sout\u011b\u017eil s pov\u00eddkou \u201e\u00darodn\u00e1 p\u016fda\u201c, jej\u00ed\u017e hlavn\u00ed postavou je d\u016fchodce, tu\u0161\u00edm Jind\u0159ich, kter\u00e9mu se na sklonku \u017eivota kone\u010dn\u011b naskytne p\u0159\u00edle\u017eitost n\u011b\u010deho dos\u00e1hnout.<\/p>\n\n\n\n<p>A zv\u00edt\u011bzil jsem, by\u0165 to bylo v\u00edt\u011bzstv\u00ed d\u011blen\u00e9 s pan\u00ed Poslu\u0161nou (rovnost bod\u016f na prvn\u00edm m\u00edst\u011b).<\/p>\n\n\n\n<p>Fotografie z vyhl\u00e1\u0161en\u00ed jsou k nahl\u00e9dnut\u00ed zde:<\/p>\n\n\n\n<p><a href=\"https:\/\/rokle-sere-smrti53.webnode.cz\/akce\/\" target=\"_blank\" rel=\"noreferrer noopener\">Akce :: Rokle \u0161er\u00e9 smrti<\/a><\/p>\n\n\n\n<p>(Jsem ten vysok\u00fd p\u00e1n v \u010dern\u00e9m tri\u010dku.)<\/p>\n\n\n\n<p>Jin\u00e1\u010d jsem dostal diplom a mo\u017enost v\u00fdb\u011bru asi 7mi kn\u00ed\u017eek dle vlastn\u00edho v\u00fdb\u011bru. Plus n\u011bjak\u00e9 dal\u0161\u00ed drobnosti. Byl jsem spoko, kr\u00e1sn\u00e9, fajnov\u00e9, tleskalo se a tak d\u00e1le. Dokonce dorazila m\u00e1 sestra a t\u00e9\u017e tleskala, i fotila a a\u017e se mi bude trochu v\u00edce cht\u00edt, nejsp\u00ed\u0161 sem i n\u011bjakou tu fotku je\u0161t\u011b vlo\u017e\u00edm. Mo\u017en\u00e1 i ten diplom.<\/p>\n\n\n\n<h3 class=\"wp-block-heading\">2) <strong>3. m\u00edsto v sout\u011b\u017ei spolku Pro\u010d bychom se net\u011b\u0161ili v kategorii mikropov\u00eddka<\/strong> <strong>(2025) <\/strong><\/h3>\n\n\n\n<p>Zad\u00e1n\u00edm bylo napsat libovolnou pov\u00eddku v rozsahu maxim\u00e1ln\u011b 1800 znak\u016f v\u010detn\u011b mezer, co\u017e jsem domrt\u011b vyu\u017eil. By\u0165 z toho vy\u0161el tro\u0161ku k\u00fd\u010d, ostatn\u011b beta\u010dten\u00e1\u0159, strejda L\u016f\u010fa, o mikorpov\u00eddce prohl\u00e1sil, \u017ee je to sra\u010dka. Ale samoz\u0159ejm\u011b 3. m\u00edsto super, vyhr\u00e1l jsem knihu Michaela Bronce, za co\u017e jsem moc r\u00e1d. S chut\u00ed si ji p\u0159e\u010dtu. Co se t\u00fd\u010de samotn\u00e9 pov\u00eddky, jmenovala se Ne\u017e\u00e1douc\u00ed restart a byla o mlad\u00e9m tat\u00ednkovi, kter\u00e9ho potk\u00e1 celkem blb\u00fd restart.<\/p>\n\n\n\n<p>Dal\u0161\u00ed dopln\u00edm \u010dasem&#8230;<\/p>\n","protected":false},"excerpt":{"rendered":"<p>1) V\u00edt\u011bzstv\u00ed v liter\u00e1rn\u00ed sout\u011b\u017ei Rokle \u0161er\u00e9 smrti (2024) Sout\u011b\u017e je zam\u011b\u0159en\u00e1 na horor, prob\u00edh\u00e1 u\u017e n\u011bkolik\u00e1t\u00fdm rokem a po\u0159\u00e1d\u00e1 ji spolek Prague by Night ve spolupr\u00e1ci s M\u011bstskou knihovnou v Praze. Tento 20. ro\u010dn\u00edk pak byl specifick\u00fd zad\u00e1n\u00edm, kter\u00e9 zn\u011blo: \u201eokovy\u201c. J\u00e1 jsem sout\u011b\u017eil s pov\u00eddkou \u201e\u00darodn\u00e1 p\u016fda\u201c, jej\u00ed\u017e hlavn\u00ed postavou je d\u016fchodce, tu\u0161\u00edm&#8230;<\/p>\n","protected":false},"author":1,"featured_media":0,"parent":0,"menu_order":0,"comment_status":"closed","ping_status":"closed","template":"","meta":{"_acf_changed":false,"_monsterinsights_skip_tracking":false,"_monsterinsights_sitenote_active":false,"_monsterinsights_sitenote_note":"","_monsterinsights_sitenote_category":0,"footnotes":""},"class_list":["post-40","page","type-page","status-publish","hentry"],"acf":[],"_links":{"self":[{"href":"https:\/\/www.mizerny.cz\/index.php?rest_route=\/wp\/v2\/pages\/40","targetHints":{"allow":["GET"]}}],"collection":[{"href":"https:\/\/www.mizerny.cz\/index.php?rest_route=\/wp\/v2\/pages"}],"about":[{"href":"https:\/\/www.mizerny.cz\/index.php?rest_route=\/wp\/v2\/types\/page"}],"author":[{"embeddable":true,"href":"https:\/\/www.mizerny.cz\/index.php?rest_route=\/wp\/v2\/users\/1"}],"replies":[{"embeddable":true,"href":"https:\/\/www.mizerny.cz\/index.php?rest_route=%2Fwp%2Fv2%2Fcomments&post=40"}],"version-history":[{"count":6,"href":"https:\/\/www.mizerny.cz\/index.php?rest_route=\/wp\/v2\/pages\/40\/revisions"}],"predecessor-version":[{"id":47,"href":"https:\/\/www.mizerny.cz\/index.php?rest_route=\/wp\/v2\/pages\/40\/revisions\/47"}],"wp:attachment":[{"href":"https:\/\/www.mizerny.cz\/index.php?rest_route=%2Fwp%2Fv2%2Fmedia&parent=40"}],"curies":[{"name":"wp","href":"https:\/\/api.w.org\/{rel}","templated":true}]}}