{"id":177,"date":"2025-08-21T21:31:06","date_gmt":"2025-08-21T19:31:06","guid":{"rendered":"https:\/\/www.mizerny.cz\/?page_id=177"},"modified":"2025-10-24T14:58:41","modified_gmt":"2025-10-24T12:58:41","slug":"blogysek","status":"publish","type":"page","link":"https:\/\/www.mizerny.cz\/?page_id=177","title":{"rendered":"Blog\u00fdsek"},"content":{"rendered":"\n<figure class=\"wp-block-embed is-type-wp-embed is-provider-tvorba-mizern-ho-autora wp-block-embed-tvorba-mizern-ho-autora\"><div class=\"wp-block-embed__wrapper\">\n<blockquote class=\"wp-embedded-content\" data-secret=\"IPDRAV1lFn\"><a href=\"https:\/\/www.mizerny.cz\/?page_id=193\">Zamy\u0161len\u00ed nad \u0159e\u0161en\u00edm bytov\u00e9 krize<\/a><\/blockquote><iframe loading=\"lazy\" class=\"wp-embedded-content\" sandbox=\"allow-scripts\" security=\"restricted\" style=\"position: absolute; visibility: hidden;\" title=\"&#8222;Zamy\u0161len\u00ed nad \u0159e\u0161en\u00edm bytov\u00e9 krize&#8220; &#8212; Tvorba Mizern\u00e9ho Autora\" src=\"https:\/\/www.mizerny.cz\/?page_id=193&#038;embed=true#?secret=6hlM1mcx3P#?secret=IPDRAV1lFn\" data-secret=\"IPDRAV1lFn\" width=\"600\" height=\"338\" frameborder=\"0\" marginwidth=\"0\" marginheight=\"0\" scrolling=\"no\"><\/iframe>\n<\/div><\/figure>\n\n\n\n<figure class=\"wp-block-embed is-type-wp-embed is-provider-tvorba-mizern-ho-autora wp-block-embed-tvorba-mizern-ho-autora\"><div class=\"wp-block-embed__wrapper\">\n<blockquote class=\"wp-embedded-content\" data-secret=\"zcYOOmKPVR\"><a href=\"https:\/\/www.mizerny.cz\/?page_id=170\">I \u201ezl\u00fd \u010dlov\u011bk\u201c m\u016f\u017ee m\u00edt pravdu<\/a><\/blockquote><iframe loading=\"lazy\" class=\"wp-embedded-content\" sandbox=\"allow-scripts\" security=\"restricted\" style=\"position: absolute; visibility: hidden;\" title=\"&#8222;I \u201ezl\u00fd \u010dlov\u011bk\u201c m\u016f\u017ee m\u00edt pravdu&#8220; &#8212; Tvorba Mizern\u00e9ho Autora\" src=\"https:\/\/www.mizerny.cz\/?page_id=170&#038;embed=true#?secret=u212PU5jJ8#?secret=zcYOOmKPVR\" data-secret=\"zcYOOmKPVR\" width=\"600\" height=\"338\" frameborder=\"0\" marginwidth=\"0\" marginheight=\"0\" scrolling=\"no\"><\/iframe>\n<\/div><\/figure>\n","protected":false},"excerpt":{"rendered":"","protected":false},"author":1,"featured_media":0,"parent":0,"menu_order":0,"comment_status":"closed","ping_status":"closed","template":"","meta":{"_acf_changed":false,"_monsterinsights_skip_tracking":false,"_monsterinsights_sitenote_active":false,"_monsterinsights_sitenote_note":"","_monsterinsights_sitenote_category":0,"footnotes":""},"class_list":["post-177","page","type-page","status-publish","hentry"],"acf":[],"_links":{"self":[{"href":"https:\/\/www.mizerny.cz\/index.php?rest_route=\/wp\/v2\/pages\/177","targetHints":{"allow":["GET"]}}],"collection":[{"href":"https:\/\/www.mizerny.cz\/index.php?rest_route=\/wp\/v2\/pages"}],"about":[{"href":"https:\/\/www.mizerny.cz\/index.php?rest_route=\/wp\/v2\/types\/page"}],"author":[{"embeddable":true,"href":"https:\/\/www.mizerny.cz\/index.php?rest_route=\/wp\/v2\/users\/1"}],"replies":[{"embeddable":true,"href":"https:\/\/www.mizerny.cz\/index.php?rest_route=%2Fwp%2Fv2%2Fcomments&post=177"}],"version-history":[{"count":3,"href":"https:\/\/www.mizerny.cz\/index.php?rest_route=\/wp\/v2\/pages\/177\/revisions"}],"predecessor-version":[{"id":196,"href":"https:\/\/www.mizerny.cz\/index.php?rest_route=\/wp\/v2\/pages\/177\/revisions\/196"}],"wp:attachment":[{"href":"https:\/\/www.mizerny.cz\/index.php?rest_route=%2Fwp%2Fv2%2Fmedia&parent=177"}],"curies":[{"name":"wp","href":"https:\/\/api.w.org\/{rel}","templated":true}]}}