{"id":112,"date":"2025-07-15T18:12:35","date_gmt":"2025-07-15T16:12:35","guid":{"rendered":"https:\/\/www.mizerny.cz\/?page_id=112"},"modified":"2025-10-24T15:51:16","modified_gmt":"2025-10-24T13:51:16","slug":"urodna-puda","status":"publish","type":"page","link":"https:\/\/www.mizerny.cz\/?page_id=112","title":{"rendered":"\u00darodn\u00e1 p\u016fda"},"content":{"rendered":"\n<p>Pov\u00eddka zv\u00edt\u011bzila v hororov\u00e9 liter\u00e1rn\u00ed sout\u011b\u017ei Rokle \u0161er\u00e9 smrti 2024. Z\u0159ejm\u011b bude zve\u0159ejn\u011bna na str\u00e1nk\u00e1ch M\u011bstsk\u00e9 knihovny v Praze&#8230;<\/p>\n\n\n\n<p>\u017e\u00e1nr: horor<\/p>\n\n\n\n<p>D\u00e9lka \u010dten\u00ed cca 15minut<\/p>\n\n\n\n<p><strong>Anotace:&nbsp;<\/strong>D\u016fchodce Jindra c\u00edt\u00ed, \u017ee ve m\u011bst\u011b u\u017e ni\u010deho v\u00fdznamn\u00e9ho nedos\u00e1hne. Tou\u017e\u00ed po venkov\u011b. Svou dezol\u00e1tn\u00ed garsonku tedy nab\u00edz\u00ed k v\u00fdm\u011bn\u011b, ov\u0161em jeho \u010d\u00edm d\u00e1l zoufalej\u0161\u00ed vol\u00e1n\u00ed vysly\u0161\u00ed a\u017e hyen\u00ed makl\u00e9\u0159ka Ma\u0161kov\u00e1.<\/p>\n\n\n\n<p>Hlavn\u00ed postava:<\/p>\n\n\n\n<ul class=\"wp-block-list\">\n<li>d\u016fchodce Jind\u0159ich<\/li>\n<\/ul>\n\n\n\n<p>Vedlej\u0161\u00ed postavy:<\/p>\n\n\n\n<ul class=\"wp-block-list\">\n<li>d\u016fchodce Egon<\/li>\n\n\n\n<li>makl\u00e9\u0159ka Ma\u0161kov\u00e1<\/li>\n<\/ul>\n\n\n\n<p>Vznik: 09\/2024<\/p>\n\n\n\n<p><\/p>\n","protected":false},"excerpt":{"rendered":"<p>Pov\u00eddka zv\u00edt\u011bzila v hororov\u00e9 liter\u00e1rn\u00ed sout\u011b\u017ei Rokle \u0161er\u00e9 smrti 2024. Z\u0159ejm\u011b bude zve\u0159ejn\u011bna na str\u00e1nk\u00e1ch M\u011bstsk\u00e9 knihovny v Praze&#8230; \u017e\u00e1nr: horor D\u00e9lka \u010dten\u00ed cca 15minut Anotace:&nbsp;D\u016fchodce Jindra c\u00edt\u00ed, \u017ee ve m\u011bst\u011b u\u017e ni\u010deho v\u00fdznamn\u00e9ho nedos\u00e1hne. Tou\u017e\u00ed po venkov\u011b. Svou dezol\u00e1tn\u00ed garsonku tedy nab\u00edz\u00ed k v\u00fdm\u011bn\u011b, ov\u0161em jeho \u010d\u00edm d\u00e1l zoufalej\u0161\u00ed vol\u00e1n\u00ed vysly\u0161\u00ed a\u017e hyen\u00ed makl\u00e9\u0159ka&#8230;<\/p>\n","protected":false},"author":1,"featured_media":0,"parent":0,"menu_order":0,"comment_status":"closed","ping_status":"closed","template":"","meta":{"_acf_changed":false,"_monsterinsights_skip_tracking":false,"_monsterinsights_sitenote_active":false,"_monsterinsights_sitenote_note":"","_monsterinsights_sitenote_category":0,"footnotes":""},"class_list":["post-112","page","type-page","status-publish","hentry"],"acf":[],"_links":{"self":[{"href":"https:\/\/www.mizerny.cz\/index.php?rest_route=\/wp\/v2\/pages\/112","targetHints":{"allow":["GET"]}}],"collection":[{"href":"https:\/\/www.mizerny.cz\/index.php?rest_route=\/wp\/v2\/pages"}],"about":[{"href":"https:\/\/www.mizerny.cz\/index.php?rest_route=\/wp\/v2\/types\/page"}],"author":[{"embeddable":true,"href":"https:\/\/www.mizerny.cz\/index.php?rest_route=\/wp\/v2\/users\/1"}],"replies":[{"embeddable":true,"href":"https:\/\/www.mizerny.cz\/index.php?rest_route=%2Fwp%2Fv2%2Fcomments&post=112"}],"version-history":[{"count":2,"href":"https:\/\/www.mizerny.cz\/index.php?rest_route=\/wp\/v2\/pages\/112\/revisions"}],"predecessor-version":[{"id":215,"href":"https:\/\/www.mizerny.cz\/index.php?rest_route=\/wp\/v2\/pages\/112\/revisions\/215"}],"wp:attachment":[{"href":"https:\/\/www.mizerny.cz\/index.php?rest_route=%2Fwp%2Fv2%2Fmedia&parent=112"}],"curies":[{"name":"wp","href":"https:\/\/api.w.org\/{rel}","templated":true}]}}