{"id":110,"date":"2025-07-15T18:07:39","date_gmt":"2025-07-15T16:07:39","guid":{"rendered":"https:\/\/www.mizerny.cz\/?page_id=110"},"modified":"2025-10-24T15:53:42","modified_gmt":"2025-10-24T13:53:42","slug":"povidky","status":"publish","type":"page","link":"https:\/\/www.mizerny.cz\/?page_id=110","title":{"rendered":"Pov\u00eddky \u0161upl\u00edkovky:"},"content":{"rendered":"\n<p>V tuhle chv\u00edli moje tvorba nikoho nezaj\u00edm\u00e1, no a j\u00e1 nechci sv\u00e9 obl\u00edben\u00e9 pov\u00eddky jen tak odhodit na web s n\u00e1v\u0161t\u011bvnost\u00ed \u010dtvrt \u010dten\u00e1\u0159e za p\u016fl roku. Na to je m\u00e1m a\u017e p\u0159\u00edli\u0161 r\u00e1d. Tak\u017ee je prost\u011b h\u00fd\u010dk\u00e1m v \u0161upl\u00edku. Ale kdo v\u00ed? Pokud bych vid\u011bl, \u017ee m\u00e1m alespo\u0148 50 \u010dten\u00e1\u0159\u016f\/fanou\u0161k\u016f, tak to i celkem s pot\u011b\u0161en\u00edm zm\u011bn\u00edm n\u00e1zor.<\/p>\n\n\n\n<p><strong>Seznam \u0161upl\u00edkovek (\u010dasem k nim dopln\u00edm anotace a p\u00e1r drobn\u00fdch informac\u00ed):<\/strong><\/p>\n\n\n\n<p>1.) <a href=\"https:\/\/www.mizerny.cz\/?page_id=112\" data-type=\"link\" data-id=\"https:\/\/www.mizerny.cz\/?page_id=112\">\u00darodn\u00e1 p\u016fda<\/a> &#8211; zv\u00edt\u011bzila v liter\u00e1rn\u00ed sout\u011b\u017ei <strong>Rokle \u0161er\u00e9 smrti 2024<\/strong><\/p>\n\n\n\n<p><strong>Anotace:\u00a0<\/strong>D\u016fchodce Jindra c\u00edt\u00ed, \u017ee ve m\u011bst\u011b u\u017e ni\u010deho v\u00fdznamn\u00e9ho nedos\u00e1hne. Tou\u017e\u00ed po venkov\u011b. Svou dezol\u00e1tn\u00ed garsonku tedy nab\u00edz\u00ed k v\u00fdm\u011bn\u011b, ov\u0161em jeho \u010d\u00edm d\u00e1l zoufalej\u0161\u00ed vol\u00e1n\u00ed vysly\u0161\u00ed a\u017e hyen\u00ed makl\u00e9\u0159ka Ma\u0161kov\u00e1.<\/p>\n\n\n\n<p>2.) <strong>Detektiv Ty\u010dinka<\/strong> &#8211; zv\u00edt\u011bzila v liter\u00e1rn\u00ed sout\u011b\u017ei \u0160vejc\u00e1rkovo pero<\/p>\n\n\n\n<p>3.) <strong>J\u00e1 d\u00e9mon<\/strong> &#8211; um\u00edstila se v prvn\u00ed p\u016flce sout\u011b\u017ee <strong>Krvav\u00fd brk 2024<\/strong><\/p>\n\n\n\n<p>4.) <strong>100 milion\u016f dn\u00ed pot\u00e9<\/strong> &#8211; postoupila do fin\u00e1lov\u00e9ho kola liter\u00e1rn\u00ed sout\u011b\u017ee nakladatelstv\u00ed Canc (2024)<\/p>\n\n\n\n<p>5.) <strong>Franta m\u00e1 narozeniny<\/strong> &#8211; um\u00edstila se v prvn\u00ed t\u0159etin\u011b liter\u00e1rn\u00ed sout\u011b\u017ee Bookla 2024<\/p>\n\n\n\n<p>6.) <strong>Dokonal\u00fd subjekt <\/strong>&#8211; um\u00edstila se v prvn\u00ed t\u0159etin\u011b liter\u00e1rn\u00ed sout\u011b\u017ee Sardensk\u00e9 legendy 2024<\/p>\n\n\n\n<p>7.) <strong>Omlouv\u00e1m se, \u017ee jsem nebre\u010del<\/strong> &#8211; o dva hlasy nepostoupila do fin\u00e1lov\u00e9ho kola liter\u00e1rn\u00ed sout\u011b\u017ee O knihovnickou sovu (tzn. um\u00edstila se v prvn\u00ed polovin\u011b pole)<\/p>\n\n\n\n<p>8.) <strong>Honza<\/strong> &#8211; nepostoupila do fin\u00e1le Ceny Karla \u010capka 2024 (um\u00edst\u011bn\u00ed dopln\u00edm pozd\u011bji)<\/p>\n\n\n\n<p>9.) <strong>Z\u00e1dy k tlam\u011b Chroupa\u010de Krakoro\u0161ta<\/strong> &#8211; propadla v liter\u00e1rn\u00ed sout\u011b\u017ei nakladatelstv\u00ed Straky na vrb\u011b (2024)<\/p>\n\n\n\n<p>+ dal\u0161\u00ed cca 3-4 pov\u00eddky m\u00e1m poslan\u00e9 do leto\u0161n\u00edch sout\u011b\u017e\u00ed a proto neprozrad\u00edm jm\u00e9no<\/p>\n\n\n\n<p>+ dal\u0161\u00edch cca 5-10 pov\u00eddek jsou ve stavu, kdy pot\u0159ebuj\u00ed je\u0161t\u011b tro\u0161ku poladit, dod\u011blat nebo p\u0159ed\u011blat.<\/p>\n\n\n\n<p><\/p>\n","protected":false},"excerpt":{"rendered":"<p>V tuhle chv\u00edli moje tvorba nikoho nezaj\u00edm\u00e1, no a j\u00e1 nechci sv\u00e9 obl\u00edben\u00e9 pov\u00eddky jen tak odhodit na web s n\u00e1v\u0161t\u011bvnost\u00ed \u010dtvrt \u010dten\u00e1\u0159e za p\u016fl roku. Na to je m\u00e1m a\u017e p\u0159\u00edli\u0161 r\u00e1d. Tak\u017ee je prost\u011b h\u00fd\u010dk\u00e1m v \u0161upl\u00edku. Ale kdo v\u00ed? Pokud bych vid\u011bl, \u017ee m\u00e1m alespo\u0148 50 \u010dten\u00e1\u0159\u016f\/fanou\u0161k\u016f, tak to i celkem s&#8230;<\/p>\n","protected":false},"author":1,"featured_media":0,"parent":0,"menu_order":0,"comment_status":"closed","ping_status":"closed","template":"","meta":{"_acf_changed":false,"_monsterinsights_skip_tracking":false,"_monsterinsights_sitenote_active":false,"_monsterinsights_sitenote_note":"","_monsterinsights_sitenote_category":0,"footnotes":""},"class_list":["post-110","page","type-page","status-publish","hentry"],"acf":[],"_links":{"self":[{"href":"https:\/\/www.mizerny.cz\/index.php?rest_route=\/wp\/v2\/pages\/110","targetHints":{"allow":["GET"]}}],"collection":[{"href":"https:\/\/www.mizerny.cz\/index.php?rest_route=\/wp\/v2\/pages"}],"about":[{"href":"https:\/\/www.mizerny.cz\/index.php?rest_route=\/wp\/v2\/types\/page"}],"author":[{"embeddable":true,"href":"https:\/\/www.mizerny.cz\/index.php?rest_route=\/wp\/v2\/users\/1"}],"replies":[{"embeddable":true,"href":"https:\/\/www.mizerny.cz\/index.php?rest_route=%2Fwp%2Fv2%2Fcomments&post=110"}],"version-history":[{"count":11,"href":"https:\/\/www.mizerny.cz\/index.php?rest_route=\/wp\/v2\/pages\/110\/revisions"}],"predecessor-version":[{"id":218,"href":"https:\/\/www.mizerny.cz\/index.php?rest_route=\/wp\/v2\/pages\/110\/revisions\/218"}],"wp:attachment":[{"href":"https:\/\/www.mizerny.cz\/index.php?rest_route=%2Fwp%2Fv2%2Fmedia&parent=110"}],"curies":[{"name":"wp","href":"https:\/\/api.w.org\/{rel}","templated":true}]}}